{"id":1196,"date":"2023-09-24T09:48:18","date_gmt":"2023-09-24T13:48:18","guid":{"rendered":"https:\/\/test.winepoacher.com\/?post_type=product&#038;p=1196"},"modified":"2025-02-01T08:36:54","modified_gmt":"2025-02-01T13:36:54","slug":"clos-manou-2018","status":"publish","type":"product","link":"https:\/\/test.winepoacher.com\/?product=clos-manou-2018","title":{"rendered":"Clos Manou 2018"},"excerpt":{"rendered":"<p>The palate is silky, with cassis and bilberry notes alongside more juice-filled, textured blackberry notes.\u00a0 It&#8217;s ambitiously structured, with plenty of cocoa, dark chocolate and pencil shavings.\u00a0 A serious wine with high acidity that should age well.\u00a0 They have gone long on the tannins this year, but they are integrated and this is ready to drink with an hour decant.\u00a0 5% Petit Verdot completes the blend.\u00a0 Owned by Fran\u00e7ois and St\u00e9phane Dief, the property is located in St Christoly du M\u00e9doc.\u00a0 <em>2023\u00a0&#8211;\u00a02034<\/em><\/p>\n","protected":false},"featured_media":1203,"template":"","meta":{"_acf_changed":false,"inline_featured_image":false},"product_brand":[],"product_cat":[40,19],"product_tag":[],"class_list":{"0":"post-1196","1":"product","2":"type-product","3":"status-publish","4":"has-post-thumbnail","6":"product_cat-red-wine","7":"product_cat-wine","9":"first","10":"instock","11":"taxable","12":"shipping-taxable","13":"purchasable","14":"product-type-simple"},"acf":[],"yoast_head":"<!-- This site is optimized with the Yoast SEO plugin v27.4 - https:\/\/yoast.com\/product\/yoast-seo-wordpress\/ -->\n<title>Clos Manou 2018 - Wine Poacher<\/title>\n<meta name=\"robots\" content=\"index, follow, max-snippet:-1, max-image-preview:large, max-video-preview:-1\" \/>\n<link rel=\"canonical\" href=\"https:\/\/test.winepoacher.com\/product\/clos-manou-2018\/\" \/>\n<meta property=\"og:locale\" content=\"en_US\" \/>\n<meta property=\"og:type\" content=\"article\" \/>\n<meta property=\"og:title\" content=\"Clos Manou 2018 - Wine Poacher\" \/>\n<meta property=\"og:description\" content=\"The palate is silky, with cassis and bilberry notes alongside more juice-filled, textured blackberry notes.\u00a0 It&#039;s ambitiously structured, with plenty of cocoa, dark chocolate and pencil shavings.\u00a0 A serious wine with high acidity that should age well.\u00a0 They have gone long on the tannins this year, but they are integrated and this is ready to drink with an hour decant.\u00a0 5% Petit Verdot completes the blend.\u00a0 Owned by Fran\u00e7ois and St\u00e9phane Dief, the property is located in St Christoly du M\u00e9doc.\u00a0 2023\u00a0-\u00a02034\" \/>\n<meta property=\"og:url\" content=\"https:\/\/test.winepoacher.com\/product\/clos-manou-2018\/\" \/>\n<meta property=\"og:site_name\" content=\"Wine Poacher\" \/>\n<meta property=\"article:modified_time\" content=\"2025-02-01T13:36:54+00:00\" \/>\n<meta property=\"og:image\" content=\"https:\/\/test.winepoacher.com\/wp-content\/uploads\/2023\/09\/Clos-Manou-scaled.jpg\" \/>\n\t<meta property=\"og:image:width\" content=\"754\" \/>\n\t<meta property=\"og:image:height\" content=\"2560\" \/>\n\t<meta property=\"og:image:type\" content=\"image\/jpeg\" \/>\n<meta name=\"twitter:card\" content=\"summary_large_image\" \/>\n<meta name=\"twitter:label1\" content=\"Est. reading time\" \/>\n\t<meta name=\"twitter:data1\" content=\"1 minute\" \/>\n<script type=\"application\/ld+json\" class=\"yoast-schema-graph\">{\"@context\":\"https:\\\/\\\/schema.org\",\"@graph\":[{\"@type\":\"WebPage\",\"@id\":\"https:\\\/\\\/test.winepoacher.com\\\/product\\\/clos-manou-2018\\\/\",\"url\":\"https:\\\/\\\/test.winepoacher.com\\\/product\\\/clos-manou-2018\\\/\",\"name\":\"Clos Manou 2018 - Wine Poacher\",\"isPartOf\":{\"@id\":\"https:\\\/\\\/test.winepoacher.com\\\/#website\"},\"primaryImageOfPage\":{\"@id\":\"https:\\\/\\\/test.winepoacher.com\\\/product\\\/clos-manou-2018\\\/#primaryimage\"},\"image\":{\"@id\":\"https:\\\/\\\/test.winepoacher.com\\\/product\\\/clos-manou-2018\\\/#primaryimage\"},\"thumbnailUrl\":\"https:\\\/\\\/test.winepoacher.com\\\/wp-content\\\/uploads\\\/2023\\\/09\\\/Clos-Manou-scaled.jpg\",\"datePublished\":\"2023-09-24T13:48:18+00:00\",\"dateModified\":\"2025-02-01T13:36:54+00:00\",\"breadcrumb\":{\"@id\":\"https:\\\/\\\/test.winepoacher.com\\\/product\\\/clos-manou-2018\\\/#breadcrumb\"},\"inLanguage\":\"en-US\",\"potentialAction\":[{\"@type\":\"ReadAction\",\"target\":[\"https:\\\/\\\/test.winepoacher.com\\\/product\\\/clos-manou-2018\\\/\"]}]},{\"@type\":\"ImageObject\",\"inLanguage\":\"en-US\",\"@id\":\"https:\\\/\\\/test.winepoacher.com\\\/product\\\/clos-manou-2018\\\/#primaryimage\",\"url\":\"https:\\\/\\\/test.winepoacher.com\\\/wp-content\\\/uploads\\\/2023\\\/09\\\/Clos-Manou-scaled.jpg\",\"contentUrl\":\"https:\\\/\\\/test.winepoacher.com\\\/wp-content\\\/uploads\\\/2023\\\/09\\\/Clos-Manou-scaled.jpg\",\"width\":754,\"height\":2560},{\"@type\":\"BreadcrumbList\",\"@id\":\"https:\\\/\\\/test.winepoacher.com\\\/product\\\/clos-manou-2018\\\/#breadcrumb\",\"itemListElement\":[{\"@type\":\"ListItem\",\"position\":1,\"name\":\"Home\",\"item\":\"https:\\\/\\\/test.winepoacher.com\\\/\"},{\"@type\":\"ListItem\",\"position\":2,\"name\":\"Shop\",\"item\":\"https:\\\/\\\/test.winepoacher.com\\\/?page_id=12\"},{\"@type\":\"ListItem\",\"position\":3,\"name\":\"Clos Manou 2018\"}]},{\"@type\":\"WebSite\",\"@id\":\"https:\\\/\\\/test.winepoacher.com\\\/#website\",\"url\":\"https:\\\/\\\/test.winepoacher.com\\\/\",\"name\":\"Wine Poacher\",\"description\":\"Premier Access to the World\u2019s Best Wines\",\"publisher\":{\"@id\":\"https:\\\/\\\/test.winepoacher.com\\\/#organization\"},\"potentialAction\":[{\"@type\":\"SearchAction\",\"target\":{\"@type\":\"EntryPoint\",\"urlTemplate\":\"https:\\\/\\\/test.winepoacher.com\\\/?s={search_term_string}\"},\"query-input\":{\"@type\":\"PropertyValueSpecification\",\"valueRequired\":true,\"valueName\":\"search_term_string\"}}],\"inLanguage\":\"en-US\"},{\"@type\":\"Organization\",\"@id\":\"https:\\\/\\\/test.winepoacher.com\\\/#organization\",\"name\":\"Wine Poacher\",\"url\":\"https:\\\/\\\/test.winepoacher.com\\\/\",\"logo\":{\"@type\":\"ImageObject\",\"inLanguage\":\"en-US\",\"@id\":\"https:\\\/\\\/test.winepoacher.com\\\/#\\\/schema\\\/logo\\\/image\\\/\",\"url\":\"https:\\\/\\\/test.winepoacher.com\\\/wp-content\\\/uploads\\\/2021\\\/12\\\/Wine-Poacher-Logo_2021_Color.svg\",\"contentUrl\":\"https:\\\/\\\/test.winepoacher.com\\\/wp-content\\\/uploads\\\/2021\\\/12\\\/Wine-Poacher-Logo_2021_Color.svg\",\"width\":\"1024\",\"height\":\"1024\",\"caption\":\"Wine Poacher\"},\"image\":{\"@id\":\"https:\\\/\\\/test.winepoacher.com\\\/#\\\/schema\\\/logo\\\/image\\\/\"}}]}<\/script>\n<!-- \/ Yoast SEO plugin. -->","yoast_head_json":{"title":"Clos Manou 2018 - Wine Poacher","robots":{"index":"index","follow":"follow","max-snippet":"max-snippet:-1","max-image-preview":"max-image-preview:large","max-video-preview":"max-video-preview:-1"},"canonical":"https:\/\/test.winepoacher.com\/product\/clos-manou-2018\/","og_locale":"en_US","og_type":"article","og_title":"Clos Manou 2018 - Wine Poacher","og_description":"The palate is silky, with cassis and bilberry notes alongside more juice-filled, textured blackberry notes.\u00a0 It's ambitiously structured, with plenty of cocoa, dark chocolate and pencil shavings.\u00a0 A serious wine with high acidity that should age well.\u00a0 They have gone long on the tannins this year, but they are integrated and this is ready to drink with an hour decant.\u00a0 5% Petit Verdot completes the blend.\u00a0 Owned by Fran\u00e7ois and St\u00e9phane Dief, the property is located in St Christoly du M\u00e9doc.\u00a0 2023\u00a0-\u00a02034","og_url":"https:\/\/test.winepoacher.com\/product\/clos-manou-2018\/","og_site_name":"Wine Poacher","article_modified_time":"2025-02-01T13:36:54+00:00","og_image":[{"width":754,"height":2560,"url":"https:\/\/test.winepoacher.com\/wp-content\/uploads\/2023\/09\/Clos-Manou-scaled.jpg","type":"image\/jpeg"}],"twitter_card":"summary_large_image","twitter_misc":{"Est. reading time":"1 minute"},"schema":{"@context":"https:\/\/schema.org","@graph":[{"@type":"WebPage","@id":"https:\/\/test.winepoacher.com\/product\/clos-manou-2018\/","url":"https:\/\/test.winepoacher.com\/product\/clos-manou-2018\/","name":"Clos Manou 2018 - Wine Poacher","isPartOf":{"@id":"https:\/\/test.winepoacher.com\/#website"},"primaryImageOfPage":{"@id":"https:\/\/test.winepoacher.com\/product\/clos-manou-2018\/#primaryimage"},"image":{"@id":"https:\/\/test.winepoacher.com\/product\/clos-manou-2018\/#primaryimage"},"thumbnailUrl":"https:\/\/test.winepoacher.com\/wp-content\/uploads\/2023\/09\/Clos-Manou-scaled.jpg","datePublished":"2023-09-24T13:48:18+00:00","dateModified":"2025-02-01T13:36:54+00:00","breadcrumb":{"@id":"https:\/\/test.winepoacher.com\/product\/clos-manou-2018\/#breadcrumb"},"inLanguage":"en-US","potentialAction":[{"@type":"ReadAction","target":["https:\/\/test.winepoacher.com\/product\/clos-manou-2018\/"]}]},{"@type":"ImageObject","inLanguage":"en-US","@id":"https:\/\/test.winepoacher.com\/product\/clos-manou-2018\/#primaryimage","url":"https:\/\/test.winepoacher.com\/wp-content\/uploads\/2023\/09\/Clos-Manou-scaled.jpg","contentUrl":"https:\/\/test.winepoacher.com\/wp-content\/uploads\/2023\/09\/Clos-Manou-scaled.jpg","width":754,"height":2560},{"@type":"BreadcrumbList","@id":"https:\/\/test.winepoacher.com\/product\/clos-manou-2018\/#breadcrumb","itemListElement":[{"@type":"ListItem","position":1,"name":"Home","item":"https:\/\/test.winepoacher.com\/"},{"@type":"ListItem","position":2,"name":"Shop","item":"https:\/\/test.winepoacher.com\/?page_id=12"},{"@type":"ListItem","position":3,"name":"Clos Manou 2018"}]},{"@type":"WebSite","@id":"https:\/\/test.winepoacher.com\/#website","url":"https:\/\/test.winepoacher.com\/","name":"Wine Poacher","description":"Premier Access to the World\u2019s Best Wines","publisher":{"@id":"https:\/\/test.winepoacher.com\/#organization"},"potentialAction":[{"@type":"SearchAction","target":{"@type":"EntryPoint","urlTemplate":"https:\/\/test.winepoacher.com\/?s={search_term_string}"},"query-input":{"@type":"PropertyValueSpecification","valueRequired":true,"valueName":"search_term_string"}}],"inLanguage":"en-US"},{"@type":"Organization","@id":"https:\/\/test.winepoacher.com\/#organization","name":"Wine Poacher","url":"https:\/\/test.winepoacher.com\/","logo":{"@type":"ImageObject","inLanguage":"en-US","@id":"https:\/\/test.winepoacher.com\/#\/schema\/logo\/image\/","url":"https:\/\/test.winepoacher.com\/wp-content\/uploads\/2021\/12\/Wine-Poacher-Logo_2021_Color.svg","contentUrl":"https:\/\/test.winepoacher.com\/wp-content\/uploads\/2021\/12\/Wine-Poacher-Logo_2021_Color.svg","width":"1024","height":"1024","caption":"Wine Poacher"},"image":{"@id":"https:\/\/test.winepoacher.com\/#\/schema\/logo\/image\/"}}]}},"_links":{"self":[{"href":"https:\/\/test.winepoacher.com\/index.php?rest_route=\/wp\/v2\/product\/1196","targetHints":{"allow":["GET"]}}],"collection":[{"href":"https:\/\/test.winepoacher.com\/index.php?rest_route=\/wp\/v2\/product"}],"about":[{"href":"https:\/\/test.winepoacher.com\/index.php?rest_route=\/wp\/v2\/types\/product"}],"wp:featuredmedia":[{"embeddable":true,"href":"https:\/\/test.winepoacher.com\/index.php?rest_route=\/wp\/v2\/media\/1203"}],"wp:attachment":[{"href":"https:\/\/test.winepoacher.com\/index.php?rest_route=%2Fwp%2Fv2%2Fmedia&parent=1196"}],"wp:term":[{"taxonomy":"product_brand","embeddable":true,"href":"https:\/\/test.winepoacher.com\/index.php?rest_route=%2Fwp%2Fv2%2Fproduct_brand&post=1196"},{"taxonomy":"product_cat","embeddable":true,"href":"https:\/\/test.winepoacher.com\/index.php?rest_route=%2Fwp%2Fv2%2Fproduct_cat&post=1196"},{"taxonomy":"product_tag","embeddable":true,"href":"https:\/\/test.winepoacher.com\/index.php?rest_route=%2Fwp%2Fv2%2Fproduct_tag&post=1196"}],"curies":[{"name":"wp","href":"https:\/\/api.w.org\/{rel}","templated":true}]}}